{"id":987511557,"date":"2026-02-02T23:01:55","date_gmt":"2026-02-02T23:01:55","guid":{"rendered":"https:\/\/dentalmiller.com\/?page_id=987511557"},"modified":"2026-02-02T23:08:12","modified_gmt":"2026-02-02T23:08:12","slug":"politica-de-privacidad","status":"publish","type":"page","link":"https:\/\/dentalmiller.com\/index.php\/politica-de-privacidad\/","title":{"rendered":"Pol\u00edtica de Privacidad"},"content":{"rendered":"<p>[et_pb_section fb_built=\u00bb1&#8243; _builder_version=\u00bb4.27.5&#8243; _module_preset=\u00bbdefault\u00bb background_enable_image=\u00bboff\u00bb custom_padding=\u00bb122px||110px|||\u00bb top_divider_style=\u00bbramp2&#8243; top_divider_color=\u00bb#8ab9df\u00bb bottom_divider_style=\u00bbramp2&#8243; bottom_divider_color=\u00bbgcid-d472c08d-15b9-4b86-ac82-e3f8456e24a4&#8243; hover_enabled=\u00bb0&#8243; global_colors_info=\u00bb{%22gcid-d472c08d-15b9-4b86-ac82-e3f8456e24a4%22:%91%22bottom_divider_color%22%93}\u00bb theme_builder_area=\u00bbpost_content\u00bb sticky_enabled=\u00bb0&#8243;][et_pb_row _builder_version=\u00bb4.16&#8243; _module_preset=\u00bbdefault\u00bb global_colors_info=\u00bb{}\u00bb theme_builder_area=\u00bbpost_content\u00bb][et_pb_column type=\u00bb4_4&#8243; _builder_version=\u00bb4.16&#8243; _module_preset=\u00bbdefault\u00bb global_colors_info=\u00bb{}\u00bb theme_builder_area=\u00bbpost_content\u00bb][et_pb_text _builder_version=\u00bb4.27.5&#8243; _module_preset=\u00bbdefault\u00bb text_font_size=\u00bb18px\u00bb header_font=\u00bb|800|||||||\u00bb header_text_color=\u00bbgcid-d472c08d-15b9-4b86-ac82-e3f8456e24a4&#8243; header_2_font=\u00bb|700|||||||\u00bb header_2_text_color=\u00bbgcid-d472c08d-15b9-4b86-ac82-e3f8456e24a4&#8243; hover_enabled=\u00bb0&#8243; global_colors_info=\u00bb{%22gcid-d472c08d-15b9-4b86-ac82-e3f8456e24a4%22:%91%22header_2_text_color%22,%22header_text_color%22%93}\u00bb theme_builder_area=\u00bbpost_content\u00bb sticky_enabled=\u00bb0&#8243;]<\/p>\n<h1 style=\"text-align: center;\">POL\u00cdTICA DE PRIVACIDAD<\/h1>\n<h2><\/h2>\n<p>&nbsp;<\/p>\n<p>&nbsp;<\/p>\n<h2>Informaci\u00f3n b\u00e1sica sobre la Protecci\u00f3n de Datos:<\/h2>\n<ul>\n<li><strong>Responsable:<\/strong><span> DENTALMILLER.COM<\/span><\/li>\n<li><strong>Finalidad:<\/strong>\u00a0Prestar los servicios solicitados, as\u00ed como el env\u00edo de comunicaciones comerciales y newsletter informativo.<\/li>\n<li><strong>Legitimaci\u00f3n:<\/strong>\n<ul>\n<li>Ejecuci\u00f3n de un contrato.<\/li>\n<li>Consentimiento del interesado.<\/li>\n<\/ul>\n<\/li>\n<li><strong>Destinatarios:<\/strong>\u00a0No se ceder\u00e1n datos a terceros, salvo obligaci\u00f3n legal.<\/li>\n<li><strong>Derechos: <\/strong>Tiene derecho a acceder, rectificar y suprimir los datos, as\u00ed como otros derechos, indicados en la informaci\u00f3n adicional, que puede ejercer dirigi\u00e9ndose a <span>DENTALMILLER.COM<\/span> &#8211; (EL PROPIETARIO DE LA WEB).<\/li>\n<\/ul>\n<h2>Informaci\u00f3n adicional sobre la Protecci\u00f3n de Datos:<\/h2>\n<p><strong>\u00bfQui\u00e9n es el responsable del tratamiento de tus datos?<\/strong><\/p>\n<ul>\n<li><strong>Identidad:<\/strong><span> DENTALMILLER.COM<\/span>\u2013 NIF: XXXXXXX<\/li>\n<li><strong>Direcci\u00f3n postal:<\/strong><span>\u00a0<\/span>Gran Canaria<\/li>\n<li><strong>Tel\u00e9fono: <\/strong>680 191 157 \/ 928 760 010<\/li>\n<li><strong>Correo electr\u00f3nico:<\/strong><span> <a href=\"mailto:info@dentalmiller.com\">info@dentalmiller.com<\/a><\/span><\/li>\n<\/ul>\n<p><strong>\u00bfCon qu\u00e9 finalidad tratamos tus datos personales?<\/strong><\/p>\n<p>En <span>DENTALMILLER.COM<\/span> tratamos la informaci\u00f3n que nos facilitan las personas interesadas con el fin de realizar la gesti\u00f3n administrativa, contable y fiscal de los servicios solicitados, as\u00ed como el env\u00edo de nuestra newsletter y comunicaciones comerciales sobre nuestros productos y servicios.<\/p>\n<p><strong>\u00bfPor cu\u00e1nto tiempo conservaremos sus datos?<\/strong><\/p>\n<p>Los datos se conservar\u00e1n mientras no solicites la supresi\u00f3n y, en cualquier caso, durante los a\u00f1os necesarios para cumplir con las obligaciones legales.<\/p>\n<p><strong>\u00bfCu\u00e1l es la legitimaci\u00f3n para el tratamiento de tus datos?<\/strong><\/p>\n<p>Le indicamos la base legal para el tratamiento de sus datos:<\/p>\n<ul>\n<li>Ejecuci\u00f3n de un contrato: Prestaci\u00f3n de los servicios solicitados<\/li>\n<li>Consentimiento del interesado: Env\u00edo de comunicaciones comerciales y recibir nuestra newsletter.<\/li>\n<\/ul>\n<p><strong>\u00bfA qu\u00e9 destinatarios se comunicar\u00e1n tus datos?<\/strong><\/p>\n<p>No se ceder\u00e1n datos a terceros, salvo obligaci\u00f3n legal.<\/p>\n<p><strong>\u00bfTransferencias de datos a terceros pa\u00edses?<\/strong><\/p>\n<p>No est\u00e1n previstas transferencias de datos a terceros pa\u00edses.<\/p>\n<p><strong>\u00bfCu\u00e1les son tus derechos cuando nos facilitas tus datos?<\/strong><\/p>\n<p>Cualquier persona tiene derecho a obtener confirmaci\u00f3n sobre si en <span>DENTALMILLER.COM<\/span> estamos tratando datos personales que les conciernan o no.<\/p>\n<p>Las personas interesadas tienen derecho a acceder a sus datos personales, as\u00ed como a solicitar la rectificaci\u00f3n de los datos inexactos o, en su caso, solicitar su supresi\u00f3n cuando, entre otros motivos, los datos ya no sean necesarios para los fines que fueron recogidos.<\/p>\n<p>En determinadas circunstancias, los interesados podr\u00e1n solicitar la limitaci\u00f3n del tratamiento de sus datos, en cuyo caso \u00fanicamente los conservaremos para el ejercicio o la defensa de reclamaciones.<\/p>\n<p>En determinadas circunstancias y por motivos relacionados con su situaci\u00f3n particular, los interesados podr\u00e1n oponerse al tratamiento de sus datos. En este caso, <span>DENTALMILLER.COM<\/span><span style=\"font-size: 18px;\">\u00a0dejar\u00e1 de tratar los datos, salvo por motivos leg\u00edtimos imperiosos, o el ejercicio o la defensa de posibles reclamaciones.<\/span><\/p>\n<p>Podr\u00e1s ejercitar materialmente tus derechos de la siguiente forma: enviando un correo electr\u00f3nico a <a href=\"mailto:info@dentalmiller.com\">info@dentalmiller.com<\/a> o una carta a C\/ Calzada Lateral del Norte N\u00ba27, Las Palmas de Gran Canaria.<\/p>\n<p>Si has otorgado tu consentimiento para alguna finalidad concreta, tienes derecho a retirar el consentimiento otorgado en cualquier momento, sin que ello afecte a la licitud del tratamiento basado en el consentimiento previo a su retirada.<\/p>\n<p>En caso de que sientas vulnerados tus derechos en lo concerniente a la protecci\u00f3n de tus datos personales, especialmente cuando no hayas obtenido satisfacci\u00f3n en el ejercicio de tus derechos, puedes presentar una reclamaci\u00f3n ante la Autoridad de Control en materia de Protecci\u00f3n de Datos competente a trav\u00e9s de su sitio web: www.agpd.es.<\/p>\n<p>[\/et_pb_text][\/et_pb_column][\/et_pb_row][\/et_pb_section]<\/p>\n","protected":false},"excerpt":{"rendered":"<p>POL\u00cdTICA DE PRIVACIDAD &nbsp; &nbsp; Informaci\u00f3n b\u00e1sica sobre la Protecci\u00f3n de Datos: Responsable: DENTALMILLER.COM Finalidad:\u00a0Prestar los servicios solicitados, as\u00ed como el env\u00edo de comunicaciones comerciales y newsletter informativo. Legitimaci\u00f3n: Ejecuci\u00f3n de un contrato. Consentimiento del interesado. Destinatarios:\u00a0No se ceder\u00e1n datos a terceros, salvo obligaci\u00f3n legal. Derechos: Tiene derecho a acceder, rectificar y suprimir los datos, [&hellip;]<\/p>\n","protected":false},"author":2,"featured_media":0,"parent":0,"menu_order":0,"comment_status":"closed","ping_status":"closed","template":"","meta":{"_et_pb_use_builder":"on","_et_pb_old_content":"","_et_gb_content_width":"","footnotes":""},"class_list":["post-987511557","page","type-page","status-publish","hentry"],"_links":{"self":[{"href":"https:\/\/dentalmiller.com\/index.php\/wp-json\/wp\/v2\/pages\/987511557","targetHints":{"allow":["GET"]}}],"collection":[{"href":"https:\/\/dentalmiller.com\/index.php\/wp-json\/wp\/v2\/pages"}],"about":[{"href":"https:\/\/dentalmiller.com\/index.php\/wp-json\/wp\/v2\/types\/page"}],"author":[{"embeddable":true,"href":"https:\/\/dentalmiller.com\/index.php\/wp-json\/wp\/v2\/users\/2"}],"replies":[{"embeddable":true,"href":"https:\/\/dentalmiller.com\/index.php\/wp-json\/wp\/v2\/comments?post=987511557"}],"version-history":[{"count":3,"href":"https:\/\/dentalmiller.com\/index.php\/wp-json\/wp\/v2\/pages\/987511557\/revisions"}],"predecessor-version":[{"id":987511561,"href":"https:\/\/dentalmiller.com\/index.php\/wp-json\/wp\/v2\/pages\/987511557\/revisions\/987511561"}],"wp:attachment":[{"href":"https:\/\/dentalmiller.com\/index.php\/wp-json\/wp\/v2\/media?parent=987511557"}],"curies":[{"name":"wp","href":"https:\/\/api.w.org\/{rel}","templated":true}]}}